{"id":145128,"date":"2025-02-25T15:33:42","date_gmt":"2025-02-25T15:33:42","guid":{"rendered":"https:\/\/swiadomymedyk.pl\/k1k2\/?page_id=145128"},"modified":"2025-03-07T10:59:06","modified_gmt":"2025-03-07T10:59:06","slug":"zgody","status":"publish","type":"page","link":"https:\/\/swiadomymedyk.pl\/k1k2\/zgody\/","title":{"rendered":"Zgody"},"content":{"rendered":"<p>Wyra\u017cam zgod\u0119 na otrzymywanie za po\u015brednictwem komunikacji e-mail od Fundacji \u015awiadomy Medyk z siedzib\u0105 w Katowicach, ul. W\u0119glowa 9, 40-106 Katowice, KRS:0001150845 (dalej: Fundacja) newslettera zawieraj\u0105cego informacje o tematyce ratowniczej oraz o dzia\u0142alno\u015bci Fundacji, w tym o artyku\u0142ach na blogu, wpisach w mediach spo\u0142eczno\u015bciowych, publikacjach, us\u0142ugach, wydarzeniach lub szkoleniach.<\/p>\n<p>Administratorem danych osobowych jest Fundacja \u015awiadomy Medyk z siedzib\u0105 w Katowicach, ul. W\u0119glowa 9, 40-106 Katowice, KRS:0001150845. Dane osobowe przetwarzane s\u0105 w celu wysy\u0142ki newslettera. Zgod\u0119 mo\u017cesz wycofa\u0107 w ka\u017cdym momencie bez podawania przyczyny. Wi\u0119cej informacji o zasadach przetwarzania danych osobowych, w tym przys\u0142uguj\u0105cych Tobie prawach, znajduje si\u0119 w Polityce Prywatno\u015bci.<\/p>\n","protected":false},"excerpt":{"rendered":"<p>Wyra\u017cam zgod\u0119 na otrzymywanie za po\u015brednictwem komunikacji e-mail od Fundacji \u015awiadomy Medyk z siedzib\u0105 w Katowicach, ul. W\u0119glowa 9, 40-106 [&hellip;]<\/p>\n","protected":false},"author":1,"featured_media":0,"parent":0,"menu_order":0,"comment_status":"closed","ping_status":"closed","template":"","meta":{"footnotes":""},"class_list":["post-145128","page","type-page","status-publish","hentry"],"yoast_head":"<!-- This site is optimized with the Yoast SEO plugin v27.3 - https:\/\/yoast.com\/product\/yoast-seo-wordpress\/ -->\n<title>Zgody - Fundacja \u015awiadomy Medyk<\/title>\n<meta name=\"robots\" content=\"index, follow, max-snippet:-1, max-image-preview:large, max-video-preview:-1\" \/>\n<link rel=\"canonical\" href=\"https:\/\/swiadomymedyk.pl\/k1k2\/zgody\/\" \/>\n<meta property=\"og:locale\" content=\"pl_PL\" \/>\n<meta property=\"og:type\" content=\"article\" \/>\n<meta property=\"og:title\" content=\"Zgody - Fundacja \u015awiadomy Medyk\" \/>\n<meta property=\"og:description\" content=\"Wyra\u017cam zgod\u0119 na otrzymywanie za po\u015brednictwem komunikacji e-mail od Fundacji \u015awiadomy Medyk z siedzib\u0105 w Katowicach, ul. W\u0119glowa 9, 40-106 [&hellip;]\" \/>\n<meta property=\"og:url\" content=\"https:\/\/swiadomymedyk.pl\/k1k2\/zgody\/\" \/>\n<meta property=\"og:site_name\" content=\"Fundacja \u015awiadomy Medyk\" \/>\n<meta property=\"article:modified_time\" content=\"2025-03-07T10:59:06+00:00\" \/>\n<meta name=\"twitter:card\" content=\"summary_large_image\" \/>\n<meta name=\"twitter:label1\" content=\"Szacowany czas czytania\" \/>\n\t<meta name=\"twitter:data1\" content=\"1 minuta\" \/>\n<script type=\"application\/ld+json\" class=\"yoast-schema-graph\">{\"@context\":\"https:\\\/\\\/schema.org\",\"@graph\":[{\"@type\":\"WebPage\",\"@id\":\"https:\\\/\\\/swiadomymedyk.pl\\\/k1k2\\\/zgody\\\/\",\"url\":\"https:\\\/\\\/swiadomymedyk.pl\\\/k1k2\\\/zgody\\\/\",\"name\":\"Zgody - Fundacja \u015awiadomy Medyk\",\"isPartOf\":{\"@id\":\"https:\\\/\\\/swiadomymedyk.pl\\\/k1k2\\\/#website\"},\"datePublished\":\"2025-02-25T15:33:42+00:00\",\"dateModified\":\"2025-03-07T10:59:06+00:00\",\"breadcrumb\":{\"@id\":\"https:\\\/\\\/swiadomymedyk.pl\\\/k1k2\\\/zgody\\\/#breadcrumb\"},\"inLanguage\":\"pl-PL\",\"potentialAction\":[{\"@type\":\"ReadAction\",\"target\":[\"https:\\\/\\\/swiadomymedyk.pl\\\/k1k2\\\/zgody\\\/\"]}]},{\"@type\":\"BreadcrumbList\",\"@id\":\"https:\\\/\\\/swiadomymedyk.pl\\\/k1k2\\\/zgody\\\/#breadcrumb\",\"itemListElement\":[{\"@type\":\"ListItem\",\"position\":1,\"name\":\"Strona g\u0142\u00f3wna\",\"item\":\"https:\\\/\\\/swiadomymedyk.pl\\\/k1k2\\\/\"},{\"@type\":\"ListItem\",\"position\":2,\"name\":\"Zgody\"}]},{\"@type\":\"WebSite\",\"@id\":\"https:\\\/\\\/swiadomymedyk.pl\\\/k1k2\\\/#website\",\"url\":\"https:\\\/\\\/swiadomymedyk.pl\\\/k1k2\\\/\",\"name\":\"Fundacja \u015awiadomy Medyk\",\"description\":\"Z pasji do ratownictwa\",\"potentialAction\":[{\"@type\":\"SearchAction\",\"target\":{\"@type\":\"EntryPoint\",\"urlTemplate\":\"https:\\\/\\\/swiadomymedyk.pl\\\/k1k2\\\/?s={search_term_string}\"},\"query-input\":{\"@type\":\"PropertyValueSpecification\",\"valueRequired\":true,\"valueName\":\"search_term_string\"}}],\"inLanguage\":\"pl-PL\"}]}<\/script>\n<!-- \/ Yoast SEO plugin. -->","yoast_head_json":{"title":"Zgody - Fundacja \u015awiadomy Medyk","robots":{"index":"index","follow":"follow","max-snippet":"max-snippet:-1","max-image-preview":"max-image-preview:large","max-video-preview":"max-video-preview:-1"},"canonical":"https:\/\/swiadomymedyk.pl\/k1k2\/zgody\/","og_locale":"pl_PL","og_type":"article","og_title":"Zgody - Fundacja \u015awiadomy Medyk","og_description":"Wyra\u017cam zgod\u0119 na otrzymywanie za po\u015brednictwem komunikacji e-mail od Fundacji \u015awiadomy Medyk z siedzib\u0105 w Katowicach, ul. W\u0119glowa 9, 40-106 [&hellip;]","og_url":"https:\/\/swiadomymedyk.pl\/k1k2\/zgody\/","og_site_name":"Fundacja \u015awiadomy Medyk","article_modified_time":"2025-03-07T10:59:06+00:00","twitter_card":"summary_large_image","twitter_misc":{"Szacowany czas czytania":"1 minuta"},"schema":{"@context":"https:\/\/schema.org","@graph":[{"@type":"WebPage","@id":"https:\/\/swiadomymedyk.pl\/k1k2\/zgody\/","url":"https:\/\/swiadomymedyk.pl\/k1k2\/zgody\/","name":"Zgody - Fundacja \u015awiadomy Medyk","isPartOf":{"@id":"https:\/\/swiadomymedyk.pl\/k1k2\/#website"},"datePublished":"2025-02-25T15:33:42+00:00","dateModified":"2025-03-07T10:59:06+00:00","breadcrumb":{"@id":"https:\/\/swiadomymedyk.pl\/k1k2\/zgody\/#breadcrumb"},"inLanguage":"pl-PL","potentialAction":[{"@type":"ReadAction","target":["https:\/\/swiadomymedyk.pl\/k1k2\/zgody\/"]}]},{"@type":"BreadcrumbList","@id":"https:\/\/swiadomymedyk.pl\/k1k2\/zgody\/#breadcrumb","itemListElement":[{"@type":"ListItem","position":1,"name":"Strona g\u0142\u00f3wna","item":"https:\/\/swiadomymedyk.pl\/k1k2\/"},{"@type":"ListItem","position":2,"name":"Zgody"}]},{"@type":"WebSite","@id":"https:\/\/swiadomymedyk.pl\/k1k2\/#website","url":"https:\/\/swiadomymedyk.pl\/k1k2\/","name":"Fundacja \u015awiadomy Medyk","description":"Z pasji do ratownictwa","potentialAction":[{"@type":"SearchAction","target":{"@type":"EntryPoint","urlTemplate":"https:\/\/swiadomymedyk.pl\/k1k2\/?s={search_term_string}"},"query-input":{"@type":"PropertyValueSpecification","valueRequired":true,"valueName":"search_term_string"}}],"inLanguage":"pl-PL"}]}},"_links":{"self":[{"href":"https:\/\/swiadomymedyk.pl\/k1k2\/wp-json\/wp\/v2\/pages\/145128","targetHints":{"allow":["GET"]}}],"collection":[{"href":"https:\/\/swiadomymedyk.pl\/k1k2\/wp-json\/wp\/v2\/pages"}],"about":[{"href":"https:\/\/swiadomymedyk.pl\/k1k2\/wp-json\/wp\/v2\/types\/page"}],"author":[{"embeddable":true,"href":"https:\/\/swiadomymedyk.pl\/k1k2\/wp-json\/wp\/v2\/users\/1"}],"replies":[{"embeddable":true,"href":"https:\/\/swiadomymedyk.pl\/k1k2\/wp-json\/wp\/v2\/comments?post=145128"}],"version-history":[{"count":2,"href":"https:\/\/swiadomymedyk.pl\/k1k2\/wp-json\/wp\/v2\/pages\/145128\/revisions"}],"predecessor-version":[{"id":145148,"href":"https:\/\/swiadomymedyk.pl\/k1k2\/wp-json\/wp\/v2\/pages\/145128\/revisions\/145148"}],"wp:attachment":[{"href":"https:\/\/swiadomymedyk.pl\/k1k2\/wp-json\/wp\/v2\/media?parent=145128"}],"curies":[{"name":"wp","href":"https:\/\/api.w.org\/{rel}","templated":true}]}}